{"id":217,"date":"2021-09-25T16:48:17","date_gmt":"2021-09-25T14:48:17","guid":{"rendered":"http:\/\/domainedelacouvee.com\/?page_id=217"},"modified":"2021-09-27T16:00:45","modified_gmt":"2021-09-27T14:00:45","slug":"notre-region","status":"publish","type":"page","link":"https:\/\/domainedelacouvee.com\/index.php\/notre-region\/","title":{"rendered":"Notre r\u00e9gion"},"content":{"rendered":"\n<div class=\"wp-block-cover has-background-dim-10 has-background-dim\" style=\"min-height:430px;aspect-ratio:unset;\"><img fetchpriority=\"high\" decoding=\"async\" width=\"1600\" height=\"700\" class=\"wp-block-cover__image-background wp-image-309\" alt=\"\" src=\"https:\/\/domainedelacouvee.com\/wp-content\/uploads\/2021\/09\/camping-dordogne-beynac-perigord-3-etoiles-bord-de-riviere-1-1.jpg\" data-object-fit=\"cover\" srcset=\"https:\/\/domainedelacouvee.com\/wp-content\/uploads\/2021\/09\/camping-dordogne-beynac-perigord-3-etoiles-bord-de-riviere-1-1.jpg 1600w, https:\/\/domainedelacouvee.com\/wp-content\/uploads\/2021\/09\/camping-dordogne-beynac-perigord-3-etoiles-bord-de-riviere-1-1-300x131.jpg 300w, https:\/\/domainedelacouvee.com\/wp-content\/uploads\/2021\/09\/camping-dordogne-beynac-perigord-3-etoiles-bord-de-riviere-1-1-1024x448.jpg 1024w, https:\/\/domainedelacouvee.com\/wp-content\/uploads\/2021\/09\/camping-dordogne-beynac-perigord-3-etoiles-bord-de-riviere-1-1-768x336.jpg 768w, https:\/\/domainedelacouvee.com\/wp-content\/uploads\/2021\/09\/camping-dordogne-beynac-perigord-3-etoiles-bord-de-riviere-1-1-1536x672.jpg 1536w\" sizes=\"(max-width: 1600px) 100vw, 1600px\" \/><div class=\"wp-block-cover__inner-container is-layout-flow wp-block-cover-is-layout-flow\">\n<p class=\"has-text-align-center has-large-font-size\">Le P\u00e9rigord<\/p>\n<\/div><\/div>\n\n\n\n<p class=\"has-text-color has-background\" style=\"background-color:#ffe3c0;color:#000000\">Notre village est \u00e0 \u00e9gale distance de Sarlat, Bergerac ou P\u00e9rigueux et sur les bords de la Dordogne. Vous pouvez faire du ski nautique \u00e0 Tr\u00e9molat, de la voile \u00e0 Mauzac, faire un parcours de golf ou du cano\u00eb kayak (Limeuil sur la V\u00e9z\u00e8re ou Beynac sur la Dordogne). Vous pouvez choisir de visiter des lieux pal\u00e9ontologiques (Les Eyzies, Lascaux&#8230;) ou charg\u00e9s d\u2019histoire (Le Ch\u00e2teau de Beynac ou celui de Lanquais, l\u2019Abbaye de Cadouin ou Les Milandes, Les jardins d\u2019Eyrignac par exemple), des villages troglodytes (Belves), les choix sont infinis et r\u00e9pondent aux go\u00fbts de chacun.<\/p>\n\n\n\n<p class=\"has-text-color has-background\" style=\"background-color:#ffe3c0;color:#000000\">La gastronomie locale est tr\u00e8s r\u00e9put\u00e9e (noix, foie gras, magret de canard, truffe\u2026) les ch\u00e2teaux vinicoles y sont nombreux et vous pouvez y faire d\u2019excellentes d\u00e9gustations.<\/p>\n\n\n\n<p class=\"has-text-color has-large-font-size\" style=\"color:#050505\">Les Activit\u00e9s<\/p>\n\n\n\n<figure class=\"wp-block-gallery columns-3 is-cropped wp-block-gallery-1 is-layout-flex wp-block-gallery-is-layout-flex\"><ul class=\"blocks-gallery-grid\"><li class=\"blocks-gallery-item\"><figure><img decoding=\"async\" width=\"800\" height=\"400\" src=\"https:\/\/domainedelacouvee.com\/wp-content\/uploads\/2021\/09\/chateau-de-monbazillac2.jpg\" alt=\"\" data-id=\"315\" data-full-url=\"https:\/\/domainedelacouvee.com\/wp-content\/uploads\/2021\/09\/chateau-de-monbazillac2.jpg\" data-link=\"https:\/\/domainedelacouvee.com\/index.php\/notre-region\/chateau-de-monbazillac2\/\" class=\"wp-image-315\" srcset=\"https:\/\/domainedelacouvee.com\/wp-content\/uploads\/2021\/09\/chateau-de-monbazillac2.jpg 800w, https:\/\/domainedelacouvee.com\/wp-content\/uploads\/2021\/09\/chateau-de-monbazillac2-300x150.jpg 300w, https:\/\/domainedelacouvee.com\/wp-content\/uploads\/2021\/09\/chateau-de-monbazillac2-768x384.jpg 768w\" sizes=\"(max-width: 800px) 100vw, 800px\" \/><figcaption class=\"blocks-gallery-item__caption\">Les Vignobles<\/figcaption><\/figure><\/li><li class=\"blocks-gallery-item\"><figure><img decoding=\"async\" width=\"640\" height=\"410\" src=\"https:\/\/domainedelacouvee.com\/wp-content\/uploads\/2021\/09\/b-truffe.jpg\" alt=\"\" data-id=\"312\" data-full-url=\"https:\/\/domainedelacouvee.com\/wp-content\/uploads\/2021\/09\/b-truffe.jpg\" data-link=\"https:\/\/domainedelacouvee.com\/index.php\/notre-region\/b-truffe\/\" class=\"wp-image-312\" srcset=\"https:\/\/domainedelacouvee.com\/wp-content\/uploads\/2021\/09\/b-truffe.jpg 640w, https:\/\/domainedelacouvee.com\/wp-content\/uploads\/2021\/09\/b-truffe-300x192.jpg 300w\" sizes=\"(max-width: 640px) 100vw, 640px\" \/><figcaption class=\"blocks-gallery-item__caption\">La Truffe<\/figcaption><\/figure><\/li><li class=\"blocks-gallery-item\"><figure><img loading=\"lazy\" decoding=\"async\" width=\"1000\" height=\"667\" src=\"https:\/\/domainedelacouvee.com\/wp-content\/uploads\/2021\/09\/fb-perigord-noir.1524042.jpg\" alt=\"\" data-id=\"316\" data-full-url=\"https:\/\/domainedelacouvee.com\/wp-content\/uploads\/2021\/09\/fb-perigord-noir.1524042.jpg\" data-link=\"https:\/\/domainedelacouvee.com\/index.php\/notre-region\/fb-perigord-noir-1524042\/\" class=\"wp-image-316\" srcset=\"https:\/\/domainedelacouvee.com\/wp-content\/uploads\/2021\/09\/fb-perigord-noir.1524042.jpg 1000w, https:\/\/domainedelacouvee.com\/wp-content\/uploads\/2021\/09\/fb-perigord-noir.1524042-300x200.jpg 300w, https:\/\/domainedelacouvee.com\/wp-content\/uploads\/2021\/09\/fb-perigord-noir.1524042-768x512.jpg 768w\" sizes=\"(max-width: 1000px) 100vw, 1000px\" \/><figcaption class=\"blocks-gallery-item__caption\">Les Ch\u00e2teaux<\/figcaption><\/figure><\/li><li class=\"blocks-gallery-item\"><figure><img loading=\"lazy\" decoding=\"async\" width=\"280\" height=\"184\" src=\"https:\/\/domainedelacouvee.com\/wp-content\/uploads\/2021\/09\/Lascaux_painting.jpg\" alt=\"\" data-id=\"318\" data-full-url=\"https:\/\/domainedelacouvee.com\/wp-content\/uploads\/2021\/09\/Lascaux_painting.jpg\" data-link=\"https:\/\/domainedelacouvee.com\/index.php\/notre-region\/lascaux_painting\/\" class=\"wp-image-318\"\/><figcaption class=\"blocks-gallery-item__caption\">Les grottes<\/figcaption><\/figure><\/li><li class=\"blocks-gallery-item\"><figure><img loading=\"lazy\" decoding=\"async\" width=\"407\" height=\"216\" src=\"https:\/\/domainedelacouvee.com\/wp-content\/uploads\/2021\/09\/chateau_et_vignoble_de_monbazillac_c_olivier_diaz_de_zarate.jpg\" alt=\"\" data-id=\"314\" data-full-url=\"https:\/\/domainedelacouvee.com\/wp-content\/uploads\/2021\/09\/chateau_et_vignoble_de_monbazillac_c_olivier_diaz_de_zarate.jpg\" data-link=\"https:\/\/domainedelacouvee.com\/index.php\/notre-region\/chateau_et_vignoble_de_monbazillac_c_olivier_diaz_de_zarate\/\" class=\"wp-image-314\" srcset=\"https:\/\/domainedelacouvee.com\/wp-content\/uploads\/2021\/09\/chateau_et_vignoble_de_monbazillac_c_olivier_diaz_de_zarate.jpg 407w, https:\/\/domainedelacouvee.com\/wp-content\/uploads\/2021\/09\/chateau_et_vignoble_de_monbazillac_c_olivier_diaz_de_zarate-300x159.jpg 300w\" sizes=\"(max-width: 407px) 100vw, 407px\" \/><figcaption class=\"blocks-gallery-item__caption\">Les Vignobles<\/figcaption><\/figure><\/li><li class=\"blocks-gallery-item\"><figure><img loading=\"lazy\" decoding=\"async\" width=\"1024\" height=\"682\" src=\"https:\/\/domainedelacouvee.com\/wp-content\/uploads\/2021\/09\/canoes-castelnaud-gabarre-1024x682.jpg\" alt=\"\" data-id=\"313\" data-full-url=\"https:\/\/domainedelacouvee.com\/wp-content\/uploads\/2021\/09\/canoes-castelnaud-gabarre.jpg\" data-link=\"https:\/\/domainedelacouvee.com\/index.php\/notre-region\/canoes-castelnaud-gabarre\/\" class=\"wp-image-313\" srcset=\"https:\/\/domainedelacouvee.com\/wp-content\/uploads\/2021\/09\/canoes-castelnaud-gabarre-1024x682.jpg 1024w, https:\/\/domainedelacouvee.com\/wp-content\/uploads\/2021\/09\/canoes-castelnaud-gabarre-300x200.jpg 300w, https:\/\/domainedelacouvee.com\/wp-content\/uploads\/2021\/09\/canoes-castelnaud-gabarre-768x512.jpg 768w, https:\/\/domainedelacouvee.com\/wp-content\/uploads\/2021\/09\/canoes-castelnaud-gabarre.jpg 1280w\" sizes=\"(max-width: 1024px) 100vw, 1024px\" \/><figcaption class=\"blocks-gallery-item__caption\">Cano\u00eb<\/figcaption><\/figure><\/li><li class=\"blocks-gallery-item\"><figure><img loading=\"lazy\" decoding=\"async\" width=\"1000\" height=\"1000\" src=\"https:\/\/domainedelacouvee.com\/wp-content\/uploads\/2021\/09\/file.jpg\" alt=\"\" data-id=\"317\" data-full-url=\"https:\/\/domainedelacouvee.com\/wp-content\/uploads\/2021\/09\/file.jpg\" data-link=\"https:\/\/domainedelacouvee.com\/index.php\/notre-region\/file\/\" class=\"wp-image-317\" srcset=\"https:\/\/domainedelacouvee.com\/wp-content\/uploads\/2021\/09\/file.jpg 1000w, https:\/\/domainedelacouvee.com\/wp-content\/uploads\/2021\/09\/file-300x300.jpg 300w, https:\/\/domainedelacouvee.com\/wp-content\/uploads\/2021\/09\/file-150x150.jpg 150w, https:\/\/domainedelacouvee.com\/wp-content\/uploads\/2021\/09\/file-768x768.jpg 768w\" sizes=\"(max-width: 1000px) 100vw, 1000px\" \/><figcaption class=\"blocks-gallery-item__caption\">Les Ch\u00e2teaux <\/figcaption><\/figure><\/li><li class=\"blocks-gallery-item\"><figure><img loading=\"lazy\" decoding=\"async\" width=\"259\" height=\"194\" src=\"https:\/\/domainedelacouvee.com\/wp-content\/uploads\/2021\/09\/telecharger.jpg\" alt=\"\" data-id=\"319\" data-full-url=\"https:\/\/domainedelacouvee.com\/wp-content\/uploads\/2021\/09\/telecharger.jpg\" data-link=\"https:\/\/domainedelacouvee.com\/index.php\/notre-region\/telecharger\/\" class=\"wp-image-319\"\/><figcaption class=\"blocks-gallery-item__caption\">Les noix du P\u00e9rigord<\/figcaption><\/figure><\/li><li class=\"blocks-gallery-item\"><figure><img loading=\"lazy\" decoding=\"async\" width=\"512\" height=\"341\" src=\"https:\/\/domainedelacouvee.com\/wp-content\/uploads\/2021\/09\/unnamed.jpg\" alt=\"\" data-id=\"320\" data-full-url=\"https:\/\/domainedelacouvee.com\/wp-content\/uploads\/2021\/09\/unnamed.jpg\" data-link=\"https:\/\/domainedelacouvee.com\/index.php\/notre-region\/unnamed\/\" class=\"wp-image-320\" srcset=\"https:\/\/domainedelacouvee.com\/wp-content\/uploads\/2021\/09\/unnamed.jpg 512w, https:\/\/domainedelacouvee.com\/wp-content\/uploads\/2021\/09\/unnamed-300x200.jpg 300w\" sizes=\"(max-width: 512px) 100vw, 512px\" \/><figcaption class=\"blocks-gallery-item__caption\">Le canard<\/figcaption><\/figure><\/li><\/ul><\/figure>\n","protected":false},"excerpt":{"rendered":"<p>Notre village est \u00e0 \u00e9gale distance de Sarlat, Bergerac ou P\u00e9rigueux et sur les bords de la Dordogne. Vous pouvez faire du ski nautique \u00e0 Tr\u00e9molat, de la voile \u00e0 Mauzac, faire un parcours de golf ou du cano\u00eb kayak (Limeuil sur la V\u00e9z\u00e8re ou Beynac sur la Dordogne). Vous pouvez choisir de visiter des&#8230;<\/p>\n","protected":false},"author":1,"featured_media":0,"parent":0,"menu_order":0,"comment_status":"closed","ping_status":"closed","template":"","meta":{"_kadence_starter_templates_imported_post":false,"_kad_post_transparent":"","_kad_post_title":"","_kad_post_layout":"","_kad_post_sidebar_id":"","_kad_post_content_style":"","_kad_post_vertical_padding":"","_kad_post_feature":"","_kad_post_feature_position":"","_kad_post_header":false,"_kad_post_footer":false,"footnotes":""},"class_list":["post-217","page","type-page","status-publish","hentry"],"_links":{"self":[{"href":"https:\/\/domainedelacouvee.com\/index.php\/wp-json\/wp\/v2\/pages\/217","targetHints":{"allow":["GET"]}}],"collection":[{"href":"https:\/\/domainedelacouvee.com\/index.php\/wp-json\/wp\/v2\/pages"}],"about":[{"href":"https:\/\/domainedelacouvee.com\/index.php\/wp-json\/wp\/v2\/types\/page"}],"author":[{"embeddable":true,"href":"https:\/\/domainedelacouvee.com\/index.php\/wp-json\/wp\/v2\/users\/1"}],"replies":[{"embeddable":true,"href":"https:\/\/domainedelacouvee.com\/index.php\/wp-json\/wp\/v2\/comments?post=217"}],"version-history":[{"count":7,"href":"https:\/\/domainedelacouvee.com\/index.php\/wp-json\/wp\/v2\/pages\/217\/revisions"}],"predecessor-version":[{"id":384,"href":"https:\/\/domainedelacouvee.com\/index.php\/wp-json\/wp\/v2\/pages\/217\/revisions\/384"}],"wp:attachment":[{"href":"https:\/\/domainedelacouvee.com\/index.php\/wp-json\/wp\/v2\/media?parent=217"}],"curies":[{"name":"wp","href":"https:\/\/api.w.org\/{rel}","templated":true}]}}