{"id":215,"date":"2021-09-25T16:47:44","date_gmt":"2021-09-25T14:47:44","guid":{"rendered":"http:\/\/domainedelacouvee.com\/?page_id=215"},"modified":"2021-09-27T18:13:50","modified_gmt":"2021-09-27T16:13:50","slug":"contact","status":"publish","type":"page","link":"https:\/\/domainedelacouvee.com\/index.php\/contact\/","title":{"rendered":"Contact"},"content":{"rendered":"\n<div class=\"wp-block-cover has-background-dim\"><img fetchpriority=\"high\" decoding=\"async\" width=\"1000\" height=\"667\" class=\"wp-block-cover__image-background wp-image-402\" alt=\"\" src=\"https:\/\/domainedelacouvee.com\/wp-content\/uploads\/2021\/09\/Pe\u0301rigord-Noir-Mise-en-avant-1.jpg\" data-object-fit=\"cover\" srcset=\"https:\/\/domainedelacouvee.com\/wp-content\/uploads\/2021\/09\/Pe\u0301rigord-Noir-Mise-en-avant-1.jpg 1000w, https:\/\/domainedelacouvee.com\/wp-content\/uploads\/2021\/09\/Pe\u0301rigord-Noir-Mise-en-avant-1-300x200.jpg 300w, https:\/\/domainedelacouvee.com\/wp-content\/uploads\/2021\/09\/Pe\u0301rigord-Noir-Mise-en-avant-1-768x512.jpg 768w\" sizes=\"(max-width: 1000px) 100vw, 1000px\" \/><div class=\"wp-block-cover__inner-container is-layout-flow wp-block-cover-is-layout-flow\">\n<p class=\"has-text-align-center has-large-font-size\">Contactez nous!<\/p>\n<\/div><\/div>\n\n\n\n<p class=\"has-text-color has-background\" style=\"background-color:#fff8f0;color:#000000\">Nous aimons nos maisons et notre r\u00e9gion et serions ravis de vous faire vivre un moment particulier dans ces endroits.  Si vous souhaitez obtenir de plus amples informations ou avez des questions \u00e0 nous soumettre, nous sommes \u00e0 votre disposition pour y r\u00e9pondre <\/p>\n\n\n\n<p class=\"has-text-color has-background has-medium-font-size\" style=\"background-color:#ffa95d;color:#000000;line-height:0.9\">T\u00e9l\u00e9phone&nbsp;: 06.35.42.43.49 <\/p>\n\n\n\n<p class=\"has-text-color has-background has-medium-font-size\" style=\"background-color:#ffa95d;color:#050505;line-height:1.1\">Email&nbsp;: contact@lacouvee-dordogne.com <\/p>\n","protected":false},"excerpt":{"rendered":"<p>Nous aimons nos maisons et notre r\u00e9gion et serions ravis de vous faire vivre un moment particulier dans ces endroits. Si vous souhaitez obtenir de plus amples informations ou avez des questions \u00e0 nous soumettre, nous sommes \u00e0 votre disposition pour y r\u00e9pondre T\u00e9l\u00e9phone&nbsp;: 06.35.42.43.49 Email&nbsp;: contact@lacouvee-dordogne.com<\/p>\n","protected":false},"author":1,"featured_media":0,"parent":0,"menu_order":0,"comment_status":"closed","ping_status":"closed","template":"","meta":{"_kadence_starter_templates_imported_post":false,"_kad_post_transparent":"","_kad_post_title":"","_kad_post_layout":"","_kad_post_sidebar_id":"","_kad_post_content_style":"","_kad_post_vertical_padding":"","_kad_post_feature":"","_kad_post_feature_position":"","_kad_post_header":false,"_kad_post_footer":false,"footnotes":""},"class_list":["post-215","page","type-page","status-publish","hentry"],"_links":{"self":[{"href":"https:\/\/domainedelacouvee.com\/index.php\/wp-json\/wp\/v2\/pages\/215","targetHints":{"allow":["GET"]}}],"collection":[{"href":"https:\/\/domainedelacouvee.com\/index.php\/wp-json\/wp\/v2\/pages"}],"about":[{"href":"https:\/\/domainedelacouvee.com\/index.php\/wp-json\/wp\/v2\/types\/page"}],"author":[{"embeddable":true,"href":"https:\/\/domainedelacouvee.com\/index.php\/wp-json\/wp\/v2\/users\/1"}],"replies":[{"embeddable":true,"href":"https:\/\/domainedelacouvee.com\/index.php\/wp-json\/wp\/v2\/comments?post=215"}],"version-history":[{"count":15,"href":"https:\/\/domainedelacouvee.com\/index.php\/wp-json\/wp\/v2\/pages\/215\/revisions"}],"predecessor-version":[{"id":408,"href":"https:\/\/domainedelacouvee.com\/index.php\/wp-json\/wp\/v2\/pages\/215\/revisions\/408"}],"wp:attachment":[{"href":"https:\/\/domainedelacouvee.com\/index.php\/wp-json\/wp\/v2\/media?parent=215"}],"curies":[{"name":"wp","href":"https:\/\/api.w.org\/{rel}","templated":true}]}}