{"id":209,"date":"2021-09-25T16:45:38","date_gmt":"2021-09-25T14:45:38","guid":{"rendered":"http:\/\/domainedelacouvee.com\/?page_id=209"},"modified":"2024-06-13T11:44:07","modified_gmt":"2024-06-13T09:44:07","slug":"la-plaine","status":"publish","type":"page","link":"https:\/\/domainedelacouvee.com\/index.php\/la-plaine\/","title":{"rendered":"La Plaine"},"content":{"rendered":"\n<div class=\"wp-block-cover is-light\"><span aria-hidden=\"true\" class=\"wp-block-cover__background has-background-dim-10 has-background-dim\"><\/span><img fetchpriority=\"high\" decoding=\"async\" width=\"2560\" height=\"1920\" class=\"wp-block-cover__image-background wp-image-297\" alt=\"\" src=\"https:\/\/domainedelacouvee.com\/wp-content\/uploads\/2021\/09\/IMG_34211-scaled.jpg\" style=\"object-position:49% 68%\" data-object-fit=\"cover\" data-object-position=\"49% 68%\" srcset=\"https:\/\/domainedelacouvee.com\/wp-content\/uploads\/2021\/09\/IMG_34211-scaled.jpg 2560w, https:\/\/domainedelacouvee.com\/wp-content\/uploads\/2021\/09\/IMG_34211-300x225.jpg 300w, https:\/\/domainedelacouvee.com\/wp-content\/uploads\/2021\/09\/IMG_34211-1024x768.jpg 1024w, https:\/\/domainedelacouvee.com\/wp-content\/uploads\/2021\/09\/IMG_34211-768x576.jpg 768w, https:\/\/domainedelacouvee.com\/wp-content\/uploads\/2021\/09\/IMG_34211-1536x1152.jpg 1536w, https:\/\/domainedelacouvee.com\/wp-content\/uploads\/2021\/09\/IMG_34211-2048x1536.jpg 2048w\" sizes=\"(max-width: 2560px) 100vw, 2560px\" \/><div class=\"wp-block-cover__inner-container is-layout-flow wp-block-cover-is-layout-flow\">\n<p class=\"has-text-align-center has-theme-palette-9-color has-text-color has-large-font-size\">Les Maisons de la Plaine<\/p>\n<\/div><\/div>\n\n\n\n<div style=\"height:71px\" aria-hidden=\"true\" class=\"wp-block-spacer\"><\/div>\n\n\n\n<p class=\"has-text-color has-large-font-size\" style=\"color:#000000\"><strong>H\u00e9bergement<\/strong><\/p>\n\n\n\n<p class=\"has-text-color\" style=\"color:#000000\">Les Maisons de la Plaine sont jumelles et ont \u00e9t\u00e9 nomm\u00e9es La Rose et La Grange. Elles sont un ensemble qui peut accueillir 12 \u00e0 16 convives. Elles sont implant\u00e9es dans un parc arbor\u00e9 de 5000m2<\/p>\n\n\n\n<p class=\"has-text-color\" style=\"color:#000000\">La Maison Rose comprend une cuisine avec coin repas, un s\u00e9jour\/ salon comprenant un canap\u00e9 convertible isol\u00e9, 2 chambres dont l&rsquo;une avec lit double et un dortoir avec 4 lits simples, 1 salle de bain avec baignoire et 2WC.<\/p>\n\n\n\n<p class=\"has-text-color\" style=\"color:#000000\">La Grange se compose au rez de chauss\u00e9e d&rsquo;une cuisine avec coin repas, d&rsquo;un s\u00e9jour\/salon comprenant un canap\u00e9 convertible isol\u00e9. Vous trouverez \u00e9galement une laverie avec lave linge et s\u00e8che linge<\/p>\n\n\n\n<p class=\"has-text-color\" style=\"color:#000000\">A l&rsquo;\u00e9tage se trouvent 3 chambres. La premi\u00e8re  dispose d&rsquo;un lit double et d&rsquo;une salle de bain privative avec baignoire et WC. La seconde chambre est compos\u00e9e de 2 lits simples et dans la troisi\u00e8me chambre un lit double est install\u00e9. Une seconde salle de douche et un WC compl\u00e8tent l&rsquo;ensemble. <\/p>\n\n\n\n<figure class=\"wp-block-gallery has-nested-images columns-2 is-cropped wp-block-gallery-1 is-layout-flex wp-block-gallery-is-layout-flex\">\n<figure class=\"wp-block-image size-large\"><img decoding=\"async\" width=\"768\" height=\"1024\" data-id=\"395\" src=\"https:\/\/domainedelacouvee.com\/wp-content\/uploads\/2021\/09\/IMG_3336-min-768x1024.jpg\" alt=\"\" class=\"wp-image-395\" srcset=\"https:\/\/domainedelacouvee.com\/wp-content\/uploads\/2021\/09\/IMG_3336-min-768x1024.jpg 768w, https:\/\/domainedelacouvee.com\/wp-content\/uploads\/2021\/09\/IMG_3336-min-225x300.jpg 225w, https:\/\/domainedelacouvee.com\/wp-content\/uploads\/2021\/09\/IMG_3336-min-1152x1536.jpg 1152w, https:\/\/domainedelacouvee.com\/wp-content\/uploads\/2021\/09\/IMG_3336-min-1536x2048.jpg 1536w, https:\/\/domainedelacouvee.com\/wp-content\/uploads\/2021\/09\/IMG_3336-min-scaled.jpg 1920w\" sizes=\"(max-width: 768px) 100vw, 768px\" \/><\/figure>\n\n\n\n<figure class=\"wp-block-image size-large\"><img decoding=\"async\" width=\"1024\" height=\"681\" data-id=\"422\" src=\"https:\/\/domainedelacouvee.com\/wp-content\/uploads\/2022\/08\/DSC_3748-1024x681.jpg\" alt=\"\" class=\"wp-image-422\" srcset=\"https:\/\/domainedelacouvee.com\/wp-content\/uploads\/2022\/08\/DSC_3748-1024x681.jpg 1024w, https:\/\/domainedelacouvee.com\/wp-content\/uploads\/2022\/08\/DSC_3748-300x199.jpg 300w, https:\/\/domainedelacouvee.com\/wp-content\/uploads\/2022\/08\/DSC_3748-768x511.jpg 768w, https:\/\/domainedelacouvee.com\/wp-content\/uploads\/2022\/08\/DSC_3748-1536x1021.jpg 1536w, https:\/\/domainedelacouvee.com\/wp-content\/uploads\/2022\/08\/DSC_3748-2048x1362.jpg 2048w\" sizes=\"(max-width: 1024px) 100vw, 1024px\" \/><\/figure>\n\n\n\n<figure class=\"wp-block-image size-large\"><img loading=\"lazy\" decoding=\"async\" width=\"768\" height=\"1024\" data-id=\"458\" src=\"https:\/\/domainedelacouvee.com\/wp-content\/uploads\/2022\/10\/IMG_6851-1-768x1024.jpg\" alt=\"\" class=\"wp-image-458\" srcset=\"https:\/\/domainedelacouvee.com\/wp-content\/uploads\/2022\/10\/IMG_6851-1-768x1024.jpg 768w, https:\/\/domainedelacouvee.com\/wp-content\/uploads\/2022\/10\/IMG_6851-1-225x300.jpg 225w, https:\/\/domainedelacouvee.com\/wp-content\/uploads\/2022\/10\/IMG_6851-1-1152x1536.jpg 1152w, https:\/\/domainedelacouvee.com\/wp-content\/uploads\/2022\/10\/IMG_6851-1-1536x2048.jpg 1536w, https:\/\/domainedelacouvee.com\/wp-content\/uploads\/2022\/10\/IMG_6851-1-scaled.jpg 1920w\" sizes=\"(max-width: 768px) 100vw, 768px\" \/><\/figure>\n\n\n\n<figure class=\"wp-block-image size-large\"><img loading=\"lazy\" decoding=\"async\" width=\"768\" height=\"1024\" data-id=\"455\" src=\"https:\/\/domainedelacouvee.com\/wp-content\/uploads\/2022\/10\/IMG_6846-768x1024.jpg\" alt=\"\" class=\"wp-image-455\" srcset=\"https:\/\/domainedelacouvee.com\/wp-content\/uploads\/2022\/10\/IMG_6846-768x1024.jpg 768w, https:\/\/domainedelacouvee.com\/wp-content\/uploads\/2022\/10\/IMG_6846-225x300.jpg 225w, https:\/\/domainedelacouvee.com\/wp-content\/uploads\/2022\/10\/IMG_6846-1152x1536.jpg 1152w, https:\/\/domainedelacouvee.com\/wp-content\/uploads\/2022\/10\/IMG_6846-1536x2048.jpg 1536w, https:\/\/domainedelacouvee.com\/wp-content\/uploads\/2022\/10\/IMG_6846-scaled.jpg 1920w\" sizes=\"(max-width: 768px) 100vw, 768px\" \/><\/figure>\n\n\n\n<figure class=\"wp-block-image size-large\"><img loading=\"lazy\" decoding=\"async\" width=\"1024\" height=\"768\" data-id=\"435\" src=\"https:\/\/domainedelacouvee.com\/wp-content\/uploads\/2022\/10\/IMG_6858-1024x768.jpg\" alt=\"\" class=\"wp-image-435\" srcset=\"https:\/\/domainedelacouvee.com\/wp-content\/uploads\/2022\/10\/IMG_6858-1024x768.jpg 1024w, https:\/\/domainedelacouvee.com\/wp-content\/uploads\/2022\/10\/IMG_6858-300x225.jpg 300w, https:\/\/domainedelacouvee.com\/wp-content\/uploads\/2022\/10\/IMG_6858-768x576.jpg 768w, https:\/\/domainedelacouvee.com\/wp-content\/uploads\/2022\/10\/IMG_6858-1536x1152.jpg 1536w, https:\/\/domainedelacouvee.com\/wp-content\/uploads\/2022\/10\/IMG_6858-2048x1536.jpg 2048w\" sizes=\"(max-width: 1024px) 100vw, 1024px\" \/><\/figure>\n\n\n\n<figure class=\"wp-block-image size-large\"><img loading=\"lazy\" decoding=\"async\" width=\"1024\" height=\"768\" data-id=\"439\" src=\"https:\/\/domainedelacouvee.com\/wp-content\/uploads\/2022\/10\/IMG_6859-1-1024x768.jpg\" alt=\"\" class=\"wp-image-439\" srcset=\"https:\/\/domainedelacouvee.com\/wp-content\/uploads\/2022\/10\/IMG_6859-1-1024x768.jpg 1024w, https:\/\/domainedelacouvee.com\/wp-content\/uploads\/2022\/10\/IMG_6859-1-300x225.jpg 300w, https:\/\/domainedelacouvee.com\/wp-content\/uploads\/2022\/10\/IMG_6859-1-768x576.jpg 768w, https:\/\/domainedelacouvee.com\/wp-content\/uploads\/2022\/10\/IMG_6859-1-1536x1152.jpg 1536w, https:\/\/domainedelacouvee.com\/wp-content\/uploads\/2022\/10\/IMG_6859-1-2048x1536.jpg 2048w\" sizes=\"(max-width: 1024px) 100vw, 1024px\" \/><\/figure>\n<figcaption class=\"blocks-gallery-caption\"><br><\/figcaption><\/figure>\n\n\n\n<figure class=\"wp-block-gallery has-nested-images columns-3 is-cropped wp-block-gallery-2 is-layout-flex wp-block-gallery-is-layout-flex\">\n<figure class=\"wp-block-image size-large\"><img loading=\"lazy\" decoding=\"async\" width=\"2016\" height=\"1512\" data-id=\"484\" src=\"https:\/\/domainedelacouvee.com\/wp-content\/uploads\/2022\/10\/IMG_6849-rotated.jpg\" alt=\"\" class=\"wp-image-484\" srcset=\"https:\/\/domainedelacouvee.com\/wp-content\/uploads\/2022\/10\/IMG_6849-rotated.jpg 2016w, https:\/\/domainedelacouvee.com\/wp-content\/uploads\/2022\/10\/IMG_6849-300x225.jpg 300w, https:\/\/domainedelacouvee.com\/wp-content\/uploads\/2022\/10\/IMG_6849-1024x768.jpg 1024w, https:\/\/domainedelacouvee.com\/wp-content\/uploads\/2022\/10\/IMG_6849-768x576.jpg 768w, https:\/\/domainedelacouvee.com\/wp-content\/uploads\/2022\/10\/IMG_6849-1536x1152.jpg 1536w\" sizes=\"(max-width: 2016px) 100vw, 2016px\" \/><\/figure>\n\n\n\n<figure class=\"wp-block-image size-large\"><img loading=\"lazy\" decoding=\"async\" width=\"1024\" height=\"740\" data-id=\"472\" src=\"https:\/\/domainedelacouvee.com\/wp-content\/uploads\/2022\/10\/Chambre2-1-1024x740.jpg\" alt=\"\" class=\"wp-image-472\" srcset=\"https:\/\/domainedelacouvee.com\/wp-content\/uploads\/2022\/10\/Chambre2-1-1024x740.jpg 1024w, https:\/\/domainedelacouvee.com\/wp-content\/uploads\/2022\/10\/Chambre2-1-300x217.jpg 300w, https:\/\/domainedelacouvee.com\/wp-content\/uploads\/2022\/10\/Chambre2-1-768x555.jpg 768w, https:\/\/domainedelacouvee.com\/wp-content\/uploads\/2022\/10\/Chambre2-1-1536x1110.jpg 1536w, https:\/\/domainedelacouvee.com\/wp-content\/uploads\/2022\/10\/Chambre2-1.jpg 2048w\" sizes=\"(max-width: 1024px) 100vw, 1024px\" \/><\/figure>\n\n\n\n<figure class=\"wp-block-image size-large\"><img loading=\"lazy\" decoding=\"async\" width=\"1024\" height=\"768\" data-id=\"477\" src=\"https:\/\/domainedelacouvee.com\/wp-content\/uploads\/2022\/10\/Chambre3-1-1024x768.jpg\" alt=\"\" class=\"wp-image-477\" srcset=\"https:\/\/domainedelacouvee.com\/wp-content\/uploads\/2022\/10\/Chambre3-1-1024x768.jpg 1024w, https:\/\/domainedelacouvee.com\/wp-content\/uploads\/2022\/10\/Chambre3-1-300x225.jpg 300w, https:\/\/domainedelacouvee.com\/wp-content\/uploads\/2022\/10\/Chambre3-1-768x576.jpg 768w, https:\/\/domainedelacouvee.com\/wp-content\/uploads\/2022\/10\/Chambre3-1-1536x1152.jpg 1536w, https:\/\/domainedelacouvee.com\/wp-content\/uploads\/2022\/10\/Chambre3-1.jpg 2048w\" sizes=\"(max-width: 1024px) 100vw, 1024px\" \/><\/figure>\n\n\n\n<figure class=\"wp-block-image size-large\"><img loading=\"lazy\" decoding=\"async\" width=\"1024\" height=\"768\" data-id=\"471\" src=\"https:\/\/domainedelacouvee.com\/wp-content\/uploads\/2022\/10\/Chambre0-1-1024x768.jpg\" alt=\"\" class=\"wp-image-471\" srcset=\"https:\/\/domainedelacouvee.com\/wp-content\/uploads\/2022\/10\/Chambre0-1-1024x768.jpg 1024w, https:\/\/domainedelacouvee.com\/wp-content\/uploads\/2022\/10\/Chambre0-1-300x225.jpg 300w, https:\/\/domainedelacouvee.com\/wp-content\/uploads\/2022\/10\/Chambre0-1-768x576.jpg 768w, https:\/\/domainedelacouvee.com\/wp-content\/uploads\/2022\/10\/Chambre0-1-1536x1152.jpg 1536w, https:\/\/domainedelacouvee.com\/wp-content\/uploads\/2022\/10\/Chambre0-1.jpg 2048w\" sizes=\"(max-width: 1024px) 100vw, 1024px\" \/><\/figure>\n\n\n\n<figure class=\"wp-block-image size-large\"><img loading=\"lazy\" decoding=\"async\" width=\"768\" height=\"1024\" data-id=\"476\" src=\"https:\/\/domainedelacouvee.com\/wp-content\/uploads\/2022\/10\/IMG_0045-1-768x1024.jpg\" alt=\"\" class=\"wp-image-476\" srcset=\"https:\/\/domainedelacouvee.com\/wp-content\/uploads\/2022\/10\/IMG_0045-1-768x1024.jpg 768w, https:\/\/domainedelacouvee.com\/wp-content\/uploads\/2022\/10\/IMG_0045-1-225x300.jpg 225w, https:\/\/domainedelacouvee.com\/wp-content\/uploads\/2022\/10\/IMG_0045-1-1152x1536.jpg 1152w, https:\/\/domainedelacouvee.com\/wp-content\/uploads\/2022\/10\/IMG_0045-1-1536x2048.jpg 1536w, https:\/\/domainedelacouvee.com\/wp-content\/uploads\/2022\/10\/IMG_0045-1-scaled.jpg 1920w\" sizes=\"(max-width: 768px) 100vw, 768px\" \/><\/figure>\n\n\n\n<figure class=\"wp-block-image size-large\"><img loading=\"lazy\" decoding=\"async\" width=\"2016\" height=\"1512\" data-id=\"474\" src=\"https:\/\/domainedelacouvee.com\/wp-content\/uploads\/2022\/10\/IMG_6791-1.jpg\" alt=\"\" class=\"wp-image-474\" srcset=\"https:\/\/domainedelacouvee.com\/wp-content\/uploads\/2022\/10\/IMG_6791-1.jpg 2016w, https:\/\/domainedelacouvee.com\/wp-content\/uploads\/2022\/10\/IMG_6791-1-300x225.jpg 300w, https:\/\/domainedelacouvee.com\/wp-content\/uploads\/2022\/10\/IMG_6791-1-1024x768.jpg 1024w, https:\/\/domainedelacouvee.com\/wp-content\/uploads\/2022\/10\/IMG_6791-1-768x576.jpg 768w, https:\/\/domainedelacouvee.com\/wp-content\/uploads\/2022\/10\/IMG_6791-1-1536x1152.jpg 1536w\" sizes=\"(max-width: 2016px) 100vw, 2016px\" \/><\/figure>\n<\/figure>\n\n\n\n<p><\/p>\n\n\n\n<p class=\"has-text-color has-large-font-size\" style=\"color:#000000\"><strong>Services<\/strong><\/p>\n\n\n\n<p class=\"has-text-color\" style=\"color:#000000\">En ext\u00e9rieur, vous disposerez d\u2019une piscine de 6&#215;12 \u00e0 fond inclin\u00e9 max 1.80 s\u00e9curis\u00e9e par une alarme, un lieu ombrag\u00e9 vous accueillera pour les repas ext\u00e9rieurs avec son barbecue et sa plancha.<\/p>\n\n\n\n<p class=\"has-text-color\" style=\"color:#000000\">Des v\u00e9los sont mis \u00e0 votre disposition, vous pourrez d\u00e9couvrir notre merveilleuse campagne.<\/p>\n\n\n\n<figure class=\"wp-block-gallery has-nested-images columns-default is-cropped wp-block-gallery-3 is-layout-flex wp-block-gallery-is-layout-flex\">\n<figure class=\"wp-block-image size-large\"><img decoding=\"async\" width=\"768\" height=\"1024\" data-id=\"395\" src=\"https:\/\/domainedelacouvee.com\/wp-content\/uploads\/2021\/09\/IMG_3336-min-768x1024.jpg\" alt=\"\" class=\"wp-image-395\" srcset=\"https:\/\/domainedelacouvee.com\/wp-content\/uploads\/2021\/09\/IMG_3336-min-768x1024.jpg 768w, https:\/\/domainedelacouvee.com\/wp-content\/uploads\/2021\/09\/IMG_3336-min-225x300.jpg 225w, https:\/\/domainedelacouvee.com\/wp-content\/uploads\/2021\/09\/IMG_3336-min-1152x1536.jpg 1152w, https:\/\/domainedelacouvee.com\/wp-content\/uploads\/2021\/09\/IMG_3336-min-1536x2048.jpg 1536w, https:\/\/domainedelacouvee.com\/wp-content\/uploads\/2021\/09\/IMG_3336-min-scaled.jpg 1920w\" sizes=\"(max-width: 768px) 100vw, 768px\" \/><\/figure>\n\n\n\n<figure class=\"wp-block-image size-large\"><img loading=\"lazy\" decoding=\"async\" width=\"1024\" height=\"768\" data-id=\"434\" src=\"https:\/\/domainedelacouvee.com\/wp-content\/uploads\/2022\/10\/IMG_6841-1-1024x768.jpg\" alt=\"\" class=\"wp-image-434\" srcset=\"https:\/\/domainedelacouvee.com\/wp-content\/uploads\/2022\/10\/IMG_6841-1-1024x768.jpg 1024w, https:\/\/domainedelacouvee.com\/wp-content\/uploads\/2022\/10\/IMG_6841-1-300x225.jpg 300w, https:\/\/domainedelacouvee.com\/wp-content\/uploads\/2022\/10\/IMG_6841-1-768x576.jpg 768w, https:\/\/domainedelacouvee.com\/wp-content\/uploads\/2022\/10\/IMG_6841-1-1536x1152.jpg 1536w, https:\/\/domainedelacouvee.com\/wp-content\/uploads\/2022\/10\/IMG_6841-1-2048x1536.jpg 2048w\" sizes=\"(max-width: 1024px) 100vw, 1024px\" \/><\/figure>\n\n\n\n<figure class=\"wp-block-image size-large\"><img loading=\"lazy\" decoding=\"async\" width=\"768\" height=\"1024\" data-id=\"397\" src=\"https:\/\/domainedelacouvee.com\/wp-content\/uploads\/2021\/09\/IMG_3329-min-768x1024.jpg\" alt=\"\" class=\"wp-image-397\" srcset=\"https:\/\/domainedelacouvee.com\/wp-content\/uploads\/2021\/09\/IMG_3329-min-768x1024.jpg 768w, https:\/\/domainedelacouvee.com\/wp-content\/uploads\/2021\/09\/IMG_3329-min-225x300.jpg 225w, https:\/\/domainedelacouvee.com\/wp-content\/uploads\/2021\/09\/IMG_3329-min-1152x1536.jpg 1152w, https:\/\/domainedelacouvee.com\/wp-content\/uploads\/2021\/09\/IMG_3329-min-1536x2048.jpg 1536w, https:\/\/domainedelacouvee.com\/wp-content\/uploads\/2021\/09\/IMG_3329-min-scaled.jpg 1920w\" sizes=\"(max-width: 768px) 100vw, 768px\" \/><\/figure>\n<\/figure>\n\n\n\n<p><\/p>\n\n\n\n<figure class=\"wp-block-gallery has-nested-images columns-default is-cropped wp-block-gallery-4 is-layout-flex wp-block-gallery-is-layout-flex\">\n<figure class=\"wp-block-image size-large\"><img loading=\"lazy\" decoding=\"async\" width=\"1024\" height=\"681\" data-id=\"483\" src=\"https:\/\/domainedelacouvee.com\/wp-content\/uploads\/2022\/10\/DSC_3749-1024x681.jpg\" alt=\"\" class=\"wp-image-483\" srcset=\"https:\/\/domainedelacouvee.com\/wp-content\/uploads\/2022\/10\/DSC_3749-1024x681.jpg 1024w, https:\/\/domainedelacouvee.com\/wp-content\/uploads\/2022\/10\/DSC_3749-300x199.jpg 300w, https:\/\/domainedelacouvee.com\/wp-content\/uploads\/2022\/10\/DSC_3749-768x511.jpg 768w, https:\/\/domainedelacouvee.com\/wp-content\/uploads\/2022\/10\/DSC_3749-1536x1021.jpg 1536w, https:\/\/domainedelacouvee.com\/wp-content\/uploads\/2022\/10\/DSC_3749-2048x1362.jpg 2048w\" sizes=\"(max-width: 1024px) 100vw, 1024px\" \/><\/figure>\n\n\n\n<figure class=\"wp-block-image size-large\"><img loading=\"lazy\" decoding=\"async\" width=\"768\" height=\"1024\" data-id=\"481\" src=\"https:\/\/domainedelacouvee.com\/wp-content\/uploads\/2022\/10\/IMG_6797-3-768x1024.jpg\" alt=\"\" class=\"wp-image-481\" srcset=\"https:\/\/domainedelacouvee.com\/wp-content\/uploads\/2022\/10\/IMG_6797-3-768x1024.jpg 768w, https:\/\/domainedelacouvee.com\/wp-content\/uploads\/2022\/10\/IMG_6797-3-225x300.jpg 225w, https:\/\/domainedelacouvee.com\/wp-content\/uploads\/2022\/10\/IMG_6797-3-1152x1536.jpg 1152w, https:\/\/domainedelacouvee.com\/wp-content\/uploads\/2022\/10\/IMG_6797-3-rotated.jpg 1512w\" sizes=\"(max-width: 768px) 100vw, 768px\" \/><\/figure>\n\n\n\n<figure class=\"wp-block-image size-large\"><img loading=\"lazy\" decoding=\"async\" width=\"768\" height=\"1024\" data-id=\"482\" src=\"https:\/\/domainedelacouvee.com\/wp-content\/uploads\/2022\/10\/PHOTO-2022-06-13-22-24-34-4.jpg\" alt=\"\" class=\"wp-image-482\" srcset=\"https:\/\/domainedelacouvee.com\/wp-content\/uploads\/2022\/10\/PHOTO-2022-06-13-22-24-34-4.jpg 768w, https:\/\/domainedelacouvee.com\/wp-content\/uploads\/2022\/10\/PHOTO-2022-06-13-22-24-34-4-225x300.jpg 225w\" sizes=\"(max-width: 768px) 100vw, 768px\" \/><\/figure>\n<\/figure>\n\n\n\n<p><\/p>\n","protected":false},"excerpt":{"rendered":"<p>H\u00e9bergement Les Maisons de la Plaine sont jumelles et ont \u00e9t\u00e9 nomm\u00e9es La Rose et La Grange. Elles sont un ensemble qui peut accueillir 12 \u00e0 16 convives. Elles sont implant\u00e9es dans un parc arbor\u00e9 de 5000m2 La Maison Rose comprend une cuisine avec coin repas, un s\u00e9jour\/ salon comprenant un canap\u00e9 convertible isol\u00e9, 2&#8230;<\/p>\n","protected":false},"author":1,"featured_media":0,"parent":0,"menu_order":0,"comment_status":"closed","ping_status":"closed","template":"","meta":{"_kadence_starter_templates_imported_post":false,"_kad_post_transparent":"","_kad_post_title":"","_kad_post_layout":"","_kad_post_sidebar_id":"","_kad_post_content_style":"","_kad_post_vertical_padding":"","_kad_post_feature":"","_kad_post_feature_position":"","_kad_post_header":false,"_kad_post_footer":false,"footnotes":""},"class_list":["post-209","page","type-page","status-publish","hentry"],"_links":{"self":[{"href":"https:\/\/domainedelacouvee.com\/index.php\/wp-json\/wp\/v2\/pages\/209","targetHints":{"allow":["GET"]}}],"collection":[{"href":"https:\/\/domainedelacouvee.com\/index.php\/wp-json\/wp\/v2\/pages"}],"about":[{"href":"https:\/\/domainedelacouvee.com\/index.php\/wp-json\/wp\/v2\/types\/page"}],"author":[{"embeddable":true,"href":"https:\/\/domainedelacouvee.com\/index.php\/wp-json\/wp\/v2\/users\/1"}],"replies":[{"embeddable":true,"href":"https:\/\/domainedelacouvee.com\/index.php\/wp-json\/wp\/v2\/comments?post=209"}],"version-history":[{"count":25,"href":"https:\/\/domainedelacouvee.com\/index.php\/wp-json\/wp\/v2\/pages\/209\/revisions"}],"predecessor-version":[{"id":485,"href":"https:\/\/domainedelacouvee.com\/index.php\/wp-json\/wp\/v2\/pages\/209\/revisions\/485"}],"wp:attachment":[{"href":"https:\/\/domainedelacouvee.com\/index.php\/wp-json\/wp\/v2\/media?parent=209"}],"curies":[{"name":"wp","href":"https:\/\/api.w.org\/{rel}","templated":true}]}}