{"id":207,"date":"2021-09-25T16:45:04","date_gmt":"2021-09-25T14:45:04","guid":{"rendered":"http:\/\/domainedelacouvee.com\/?page_id=207"},"modified":"2021-09-27T18:11:58","modified_gmt":"2021-09-27T16:11:58","slug":"les-pins","status":"publish","type":"page","link":"https:\/\/domainedelacouvee.com\/index.php\/les-pins\/","title":{"rendered":"Les Pins"},"content":{"rendered":"\n<div class=\"wp-block-cover has-background-dim-10 has-background-dim\"><img fetchpriority=\"high\" decoding=\"async\" width=\"1024\" height=\"683\" class=\"wp-block-cover__image-background wp-image-251\" alt=\"\" src=\"https:\/\/domainedelacouvee.com\/wp-content\/uploads\/2021\/09\/273574822-1.jpg\" data-object-fit=\"cover\" srcset=\"https:\/\/domainedelacouvee.com\/wp-content\/uploads\/2021\/09\/273574822-1.jpg 1024w, https:\/\/domainedelacouvee.com\/wp-content\/uploads\/2021\/09\/273574822-1-300x200.jpg 300w, https:\/\/domainedelacouvee.com\/wp-content\/uploads\/2021\/09\/273574822-1-768x512.jpg 768w, https:\/\/domainedelacouvee.com\/wp-content\/uploads\/2021\/09\/273574822-1-720x480.jpg 720w\" sizes=\"(max-width: 1024px) 100vw, 1024px\" \/><div class=\"wp-block-cover__inner-container is-layout-flow wp-block-cover-is-layout-flow\">\n<p class=\"has-text-align-center has-large-font-size\">La Maison des Pins<\/p>\n<\/div><\/div>\n\n\n\n<p class=\"has-theme-palette-3-color has-text-color has-background has-medium-font-size\" style=\"background-color:#ffe3c0;line-height:1\">Bienvenue \u00e0 la maison des Pins, une maison moderne et calme pour passer des vacances en famille, avec vue sur la Dordogne.<\/p>\n\n\n\n<p class=\"has-text-align-left has-theme-palette-3-color has-text-color has-large-font-size\">   <strong>         H\u00e9bergement<\/strong><\/p>\n\n\n\n<p class=\"has-text-align-left has-text-color\" style=\"color:#000000\">La Maison des Pins install\u00e9e dans un parc de 5000m2 vous propose un logement comprenant cuisine \u00e9quip\u00e9e, salle \u00e0 manger, salon, 7 chambres \u00e0 lits doubles, une salle de bains avec baignoire baln\u00e9o et une salle de douches avec 2 douches,3 WC et une laverie.<\/p>\n\n\n\n<div class=\"wp-block-group\"><div class=\"wp-block-group__inner-container is-layout-flow wp-block-group-is-layout-flow\">\n<div class=\"wp-block-columns is-layout-flex wp-container-core-columns-is-layout-9d6595d7 wp-block-columns-is-layout-flex\">\n<div class=\"wp-block-column is-layout-flow wp-block-column-is-layout-flow\" style=\"flex-basis:100%\">\n<div class=\"wp-block-group\"><div class=\"wp-block-group__inner-container is-layout-flow wp-block-group-is-layout-flow\">\n<div class=\"wp-block-group\"><div class=\"wp-block-group__inner-container is-layout-flow wp-block-group-is-layout-flow\">\n<div class=\"wp-block-group\"><div class=\"wp-block-group__inner-container is-layout-flow wp-block-group-is-layout-flow\">\n<div class=\"wp-block-columns is-layout-flex wp-container-core-columns-is-layout-9d6595d7 wp-block-columns-is-layout-flex\">\n<div class=\"wp-block-column is-layout-flow wp-block-column-is-layout-flow\" style=\"flex-basis:100%\">\n<div class=\"wp-block-columns is-layout-flex wp-container-core-columns-is-layout-9d6595d7 wp-block-columns-is-layout-flex\">\n<div class=\"wp-block-column is-layout-flow wp-block-column-is-layout-flow\" style=\"flex-basis:100%\">\n<figure class=\"wp-block-gallery columns-3 is-cropped wp-block-gallery-1 is-layout-flex wp-block-gallery-is-layout-flex\"><ul class=\"blocks-gallery-grid\"><li class=\"blocks-gallery-item\"><figure><img decoding=\"async\" width=\"1024\" height=\"683\" src=\"https:\/\/domainedelacouvee.com\/wp-content\/uploads\/2021\/09\/273574818-1.jpg\" alt=\"\" data-id=\"273\" data-full-url=\"https:\/\/domainedelacouvee.com\/wp-content\/uploads\/2021\/09\/273574818-1.jpg\" data-link=\"https:\/\/domainedelacouvee.com\/index.php\/les-pins\/273574818-2\/\" class=\"wp-image-273\" srcset=\"https:\/\/domainedelacouvee.com\/wp-content\/uploads\/2021\/09\/273574818-1.jpg 1024w, https:\/\/domainedelacouvee.com\/wp-content\/uploads\/2021\/09\/273574818-1-300x200.jpg 300w, https:\/\/domainedelacouvee.com\/wp-content\/uploads\/2021\/09\/273574818-1-768x512.jpg 768w\" sizes=\"(max-width: 1024px) 100vw, 1024px\" \/><\/figure><\/li><li class=\"blocks-gallery-item\"><figure><img decoding=\"async\" width=\"1024\" height=\"683\" src=\"https:\/\/domainedelacouvee.com\/wp-content\/uploads\/2021\/09\/273573380.jpg\" alt=\"\" data-id=\"270\" data-full-url=\"https:\/\/domainedelacouvee.com\/wp-content\/uploads\/2021\/09\/273573380.jpg\" data-link=\"https:\/\/domainedelacouvee.com\/index.php\/les-pins\/attachment\/273573380\/\" class=\"wp-image-270\" srcset=\"https:\/\/domainedelacouvee.com\/wp-content\/uploads\/2021\/09\/273573380.jpg 1024w, https:\/\/domainedelacouvee.com\/wp-content\/uploads\/2021\/09\/273573380-300x200.jpg 300w, https:\/\/domainedelacouvee.com\/wp-content\/uploads\/2021\/09\/273573380-768x512.jpg 768w\" sizes=\"(max-width: 1024px) 100vw, 1024px\" \/><\/figure><\/li><li class=\"blocks-gallery-item\"><figure><img loading=\"lazy\" decoding=\"async\" width=\"1024\" height=\"683\" src=\"https:\/\/domainedelacouvee.com\/wp-content\/uploads\/2021\/09\/273573409.jpg\" alt=\"\" data-id=\"271\" data-full-url=\"https:\/\/domainedelacouvee.com\/wp-content\/uploads\/2021\/09\/273573409.jpg\" data-link=\"https:\/\/domainedelacouvee.com\/index.php\/les-pins\/attachment\/273573409\/\" class=\"wp-image-271\" srcset=\"https:\/\/domainedelacouvee.com\/wp-content\/uploads\/2021\/09\/273573409.jpg 1024w, https:\/\/domainedelacouvee.com\/wp-content\/uploads\/2021\/09\/273573409-300x200.jpg 300w, https:\/\/domainedelacouvee.com\/wp-content\/uploads\/2021\/09\/273573409-768x512.jpg 768w\" sizes=\"(max-width: 1024px) 100vw, 1024px\" \/><\/figure><\/li><li class=\"blocks-gallery-item\"><figure><img loading=\"lazy\" decoding=\"async\" width=\"1024\" height=\"683\" src=\"https:\/\/domainedelacouvee.com\/wp-content\/uploads\/2021\/09\/273573419.jpg\" alt=\"\" data-id=\"272\" data-full-url=\"https:\/\/domainedelacouvee.com\/wp-content\/uploads\/2021\/09\/273573419.jpg\" data-link=\"https:\/\/domainedelacouvee.com\/index.php\/les-pins\/attachment\/273573419\/\" class=\"wp-image-272\" srcset=\"https:\/\/domainedelacouvee.com\/wp-content\/uploads\/2021\/09\/273573419.jpg 1024w, https:\/\/domainedelacouvee.com\/wp-content\/uploads\/2021\/09\/273573419-300x200.jpg 300w, https:\/\/domainedelacouvee.com\/wp-content\/uploads\/2021\/09\/273573419-768x512.jpg 768w\" sizes=\"(max-width: 1024px) 100vw, 1024px\" \/><\/figure><\/li><li class=\"blocks-gallery-item\"><figure><img loading=\"lazy\" decoding=\"async\" width=\"1024\" height=\"709\" src=\"https:\/\/domainedelacouvee.com\/wp-content\/uploads\/2021\/09\/181026808.jpg\" alt=\"\" data-id=\"269\" data-full-url=\"https:\/\/domainedelacouvee.com\/wp-content\/uploads\/2021\/09\/181026808.jpg\" data-link=\"https:\/\/domainedelacouvee.com\/index.php\/les-pins\/attachment\/181026808\/\" class=\"wp-image-269\" srcset=\"https:\/\/domainedelacouvee.com\/wp-content\/uploads\/2021\/09\/181026808.jpg 1024w, https:\/\/domainedelacouvee.com\/wp-content\/uploads\/2021\/09\/181026808-300x208.jpg 300w, https:\/\/domainedelacouvee.com\/wp-content\/uploads\/2021\/09\/181026808-768x532.jpg 768w\" sizes=\"(max-width: 1024px) 100vw, 1024px\" \/><\/figure><\/li><li class=\"blocks-gallery-item\"><figure><img loading=\"lazy\" decoding=\"async\" width=\"573\" height=\"768\" src=\"https:\/\/domainedelacouvee.com\/wp-content\/uploads\/2021\/09\/181026780-1.jpg\" alt=\"\" data-id=\"276\" data-full-url=\"https:\/\/domainedelacouvee.com\/wp-content\/uploads\/2021\/09\/181026780-1.jpg\" data-link=\"https:\/\/domainedelacouvee.com\/index.php\/les-pins\/181026780-2\/\" class=\"wp-image-276\" srcset=\"https:\/\/domainedelacouvee.com\/wp-content\/uploads\/2021\/09\/181026780-1.jpg 573w, https:\/\/domainedelacouvee.com\/wp-content\/uploads\/2021\/09\/181026780-1-224x300.jpg 224w\" sizes=\"(max-width: 573px) 100vw, 573px\" \/><\/figure><\/li><\/ul><\/figure>\n<\/div>\n<\/div>\n<\/div>\n<\/div>\n<\/div><\/div>\n<\/div><\/div>\n\n\n\n<figure class=\"wp-block-gallery columns-3 is-cropped wp-block-gallery-2 is-layout-flex wp-block-gallery-is-layout-flex\"><ul class=\"blocks-gallery-grid\"><li class=\"blocks-gallery-item\"><figure><img loading=\"lazy\" decoding=\"async\" width=\"768\" height=\"1024\" src=\"https:\/\/domainedelacouvee.com\/wp-content\/uploads\/2021\/09\/IMG_3392-min-768x1024.jpg\" alt=\"\" data-id=\"366\" data-full-url=\"https:\/\/domainedelacouvee.com\/wp-content\/uploads\/2021\/09\/IMG_3392-min-scaled.jpg\" data-link=\"https:\/\/domainedelacouvee.com\/index.php\/les-pins\/img_3392-min\/\" class=\"wp-image-366\" srcset=\"https:\/\/domainedelacouvee.com\/wp-content\/uploads\/2021\/09\/IMG_3392-min-768x1024.jpg 768w, https:\/\/domainedelacouvee.com\/wp-content\/uploads\/2021\/09\/IMG_3392-min-225x300.jpg 225w, https:\/\/domainedelacouvee.com\/wp-content\/uploads\/2021\/09\/IMG_3392-min-1152x1536.jpg 1152w, https:\/\/domainedelacouvee.com\/wp-content\/uploads\/2021\/09\/IMG_3392-min-1536x2048.jpg 1536w, https:\/\/domainedelacouvee.com\/wp-content\/uploads\/2021\/09\/IMG_3392-min-scaled.jpg 1920w\" sizes=\"(max-width: 768px) 100vw, 768px\" \/><\/figure><\/li><li class=\"blocks-gallery-item\"><figure><img loading=\"lazy\" decoding=\"async\" width=\"768\" height=\"1024\" src=\"https:\/\/domainedelacouvee.com\/wp-content\/uploads\/2021\/09\/IMG_3381-min-768x1024.jpg\" alt=\"\" data-id=\"364\" data-full-url=\"https:\/\/domainedelacouvee.com\/wp-content\/uploads\/2021\/09\/IMG_3381-min-scaled.jpg\" data-link=\"https:\/\/domainedelacouvee.com\/index.php\/les-pins\/img_3381-min\/\" class=\"wp-image-364\" srcset=\"https:\/\/domainedelacouvee.com\/wp-content\/uploads\/2021\/09\/IMG_3381-min-768x1024.jpg 768w, https:\/\/domainedelacouvee.com\/wp-content\/uploads\/2021\/09\/IMG_3381-min-225x300.jpg 225w, https:\/\/domainedelacouvee.com\/wp-content\/uploads\/2021\/09\/IMG_3381-min-1152x1536.jpg 1152w, https:\/\/domainedelacouvee.com\/wp-content\/uploads\/2021\/09\/IMG_3381-min-1536x2048.jpg 1536w, https:\/\/domainedelacouvee.com\/wp-content\/uploads\/2021\/09\/IMG_3381-min-scaled.jpg 1920w\" sizes=\"(max-width: 768px) 100vw, 768px\" \/><\/figure><\/li><li class=\"blocks-gallery-item\"><figure><img loading=\"lazy\" decoding=\"async\" width=\"768\" height=\"1024\" src=\"https:\/\/domainedelacouvee.com\/wp-content\/uploads\/2021\/09\/IMG_3379-min-768x1024.jpg\" alt=\"\" data-id=\"363\" data-full-url=\"https:\/\/domainedelacouvee.com\/wp-content\/uploads\/2021\/09\/IMG_3379-min-scaled.jpg\" data-link=\"https:\/\/domainedelacouvee.com\/index.php\/les-pins\/img_3379-min\/\" class=\"wp-image-363\" srcset=\"https:\/\/domainedelacouvee.com\/wp-content\/uploads\/2021\/09\/IMG_3379-min-768x1024.jpg 768w, https:\/\/domainedelacouvee.com\/wp-content\/uploads\/2021\/09\/IMG_3379-min-225x300.jpg 225w, https:\/\/domainedelacouvee.com\/wp-content\/uploads\/2021\/09\/IMG_3379-min-1152x1536.jpg 1152w, https:\/\/domainedelacouvee.com\/wp-content\/uploads\/2021\/09\/IMG_3379-min-1536x2048.jpg 1536w, https:\/\/domainedelacouvee.com\/wp-content\/uploads\/2021\/09\/IMG_3379-min-scaled.jpg 1920w\" sizes=\"(max-width: 768px) 100vw, 768px\" \/><\/figure><\/li><li class=\"blocks-gallery-item\"><figure><img loading=\"lazy\" decoding=\"async\" width=\"768\" height=\"1024\" src=\"https:\/\/domainedelacouvee.com\/wp-content\/uploads\/2021\/09\/IMG_3399-min-768x1024.jpg\" alt=\"\" data-id=\"367\" data-full-url=\"https:\/\/domainedelacouvee.com\/wp-content\/uploads\/2021\/09\/IMG_3399-min-scaled.jpg\" data-link=\"https:\/\/domainedelacouvee.com\/index.php\/les-pins\/img_3399-min\/\" class=\"wp-image-367\" srcset=\"https:\/\/domainedelacouvee.com\/wp-content\/uploads\/2021\/09\/IMG_3399-min-768x1024.jpg 768w, https:\/\/domainedelacouvee.com\/wp-content\/uploads\/2021\/09\/IMG_3399-min-225x300.jpg 225w, https:\/\/domainedelacouvee.com\/wp-content\/uploads\/2021\/09\/IMG_3399-min-1152x1536.jpg 1152w, https:\/\/domainedelacouvee.com\/wp-content\/uploads\/2021\/09\/IMG_3399-min-1536x2048.jpg 1536w, https:\/\/domainedelacouvee.com\/wp-content\/uploads\/2021\/09\/IMG_3399-min-scaled.jpg 1920w\" sizes=\"(max-width: 768px) 100vw, 768px\" \/><\/figure><\/li><li class=\"blocks-gallery-item\"><figure><img loading=\"lazy\" decoding=\"async\" width=\"768\" height=\"1024\" src=\"https:\/\/domainedelacouvee.com\/wp-content\/uploads\/2021\/09\/IMG_3407-min-768x1024.jpg\" alt=\"\" data-id=\"368\" data-full-url=\"https:\/\/domainedelacouvee.com\/wp-content\/uploads\/2021\/09\/IMG_3407-min-scaled.jpg\" data-link=\"https:\/\/domainedelacouvee.com\/index.php\/les-pins\/img_3407-min\/\" class=\"wp-image-368\" srcset=\"https:\/\/domainedelacouvee.com\/wp-content\/uploads\/2021\/09\/IMG_3407-min-768x1024.jpg 768w, https:\/\/domainedelacouvee.com\/wp-content\/uploads\/2021\/09\/IMG_3407-min-225x300.jpg 225w, https:\/\/domainedelacouvee.com\/wp-content\/uploads\/2021\/09\/IMG_3407-min-1152x1536.jpg 1152w, https:\/\/domainedelacouvee.com\/wp-content\/uploads\/2021\/09\/IMG_3407-min-1536x2048.jpg 1536w, https:\/\/domainedelacouvee.com\/wp-content\/uploads\/2021\/09\/IMG_3407-min-scaled.jpg 1920w\" sizes=\"(max-width: 768px) 100vw, 768px\" \/><\/figure><\/li><li class=\"blocks-gallery-item\"><figure><img loading=\"lazy\" decoding=\"async\" width=\"768\" height=\"1024\" src=\"https:\/\/domainedelacouvee.com\/wp-content\/uploads\/2021\/09\/IMG_3413-min-768x1024.jpg\" alt=\"\" data-id=\"369\" data-full-url=\"https:\/\/domainedelacouvee.com\/wp-content\/uploads\/2021\/09\/IMG_3413-min-scaled.jpg\" data-link=\"https:\/\/domainedelacouvee.com\/index.php\/les-pins\/img_3413-min\/\" class=\"wp-image-369\" srcset=\"https:\/\/domainedelacouvee.com\/wp-content\/uploads\/2021\/09\/IMG_3413-min-768x1024.jpg 768w, https:\/\/domainedelacouvee.com\/wp-content\/uploads\/2021\/09\/IMG_3413-min-225x300.jpg 225w, https:\/\/domainedelacouvee.com\/wp-content\/uploads\/2021\/09\/IMG_3413-min-1152x1536.jpg 1152w, https:\/\/domainedelacouvee.com\/wp-content\/uploads\/2021\/09\/IMG_3413-min-1536x2048.jpg 1536w, https:\/\/domainedelacouvee.com\/wp-content\/uploads\/2021\/09\/IMG_3413-min-scaled.jpg 1920w\" sizes=\"(max-width: 768px) 100vw, 768px\" \/><\/figure><\/li><\/ul><\/figure>\n<\/div><\/div>\n\n\n\n<p><\/p>\n<\/div>\n<\/div>\n<\/div><\/div>\n\n\n\n<p class=\"has-large-font-size\">           <strong>Nos Services<\/strong><\/p>\n\n\n\n<p class=\"has-text-color\" style=\"color:#000000\">En ext\u00e9rieur vous disposerez d\u2019une piscine 5&#215;10 \u00e0 fond plat s\u00e9curis\u00e9e par une alarme, d\u2019un jacuzzi 2\/3 places, d\u2019un terrain de p\u00e9tanque, d\u2019une aire de jeux pour enfants et d\u2019une cuisine ext\u00e9rieure \u00e9quip\u00e9e ainsi que barbecue et plancha. Des v\u00e9los sont mis \u00e0 votre disposition pour pouvoir ais\u00e9ment sillonner les chemins.<\/p>\n\n\n\n<figure class=\"wp-block-gallery columns-3 is-cropped wp-block-gallery-3 is-layout-flex wp-block-gallery-is-layout-flex\"><ul class=\"blocks-gallery-grid\"><li class=\"blocks-gallery-item\"><figure><img loading=\"lazy\" decoding=\"async\" width=\"1024\" height=\"683\" src=\"https:\/\/domainedelacouvee.com\/wp-content\/uploads\/2021\/09\/273574822-1-1.jpg\" alt=\"\" data-id=\"285\" data-full-url=\"https:\/\/domainedelacouvee.com\/wp-content\/uploads\/2021\/09\/273574822-1-1.jpg\" data-link=\"https:\/\/domainedelacouvee.com\/index.php\/les-pins\/273574822-1-2\/\" class=\"wp-image-285\" srcset=\"https:\/\/domainedelacouvee.com\/wp-content\/uploads\/2021\/09\/273574822-1-1.jpg 1024w, https:\/\/domainedelacouvee.com\/wp-content\/uploads\/2021\/09\/273574822-1-1-300x200.jpg 300w, https:\/\/domainedelacouvee.com\/wp-content\/uploads\/2021\/09\/273574822-1-1-768x512.jpg 768w\" sizes=\"(max-width: 1024px) 100vw, 1024px\" \/><figcaption class=\"blocks-gallery-item__caption\">P\u00e9tanque<\/figcaption><\/figure><\/li><li class=\"blocks-gallery-item\"><figure><img loading=\"lazy\" decoding=\"async\" width=\"1024\" height=\"683\" src=\"https:\/\/domainedelacouvee.com\/wp-content\/uploads\/2021\/09\/273573355.jpg\" alt=\"\" data-id=\"289\" data-full-url=\"https:\/\/domainedelacouvee.com\/wp-content\/uploads\/2021\/09\/273573355.jpg\" data-link=\"https:\/\/domainedelacouvee.com\/index.php\/les-pins\/attachment\/273573355\/\" class=\"wp-image-289\" srcset=\"https:\/\/domainedelacouvee.com\/wp-content\/uploads\/2021\/09\/273573355.jpg 1024w, https:\/\/domainedelacouvee.com\/wp-content\/uploads\/2021\/09\/273573355-300x200.jpg 300w, https:\/\/domainedelacouvee.com\/wp-content\/uploads\/2021\/09\/273573355-768x512.jpg 768w\" sizes=\"(max-width: 1024px) 100vw, 1024px\" \/><figcaption class=\"blocks-gallery-item__caption\">Piscine<\/figcaption><\/figure><\/li><li class=\"blocks-gallery-item\"><figure><img loading=\"lazy\" decoding=\"async\" width=\"1024\" height=\"683\" src=\"https:\/\/domainedelacouvee.com\/wp-content\/uploads\/2021\/09\/273573739.jpg\" alt=\"\" data-id=\"291\" data-full-url=\"https:\/\/domainedelacouvee.com\/wp-content\/uploads\/2021\/09\/273573739.jpg\" data-link=\"https:\/\/domainedelacouvee.com\/index.php\/les-pins\/attachment\/273573739\/\" class=\"wp-image-291\" srcset=\"https:\/\/domainedelacouvee.com\/wp-content\/uploads\/2021\/09\/273573739.jpg 1024w, https:\/\/domainedelacouvee.com\/wp-content\/uploads\/2021\/09\/273573739-300x200.jpg 300w, https:\/\/domainedelacouvee.com\/wp-content\/uploads\/2021\/09\/273573739-768x512.jpg 768w\" sizes=\"(max-width: 1024px) 100vw, 1024px\" \/><figcaption class=\"blocks-gallery-item__caption\">Jacuzzi<\/figcaption><\/figure><\/li><li class=\"blocks-gallery-item\"><figure><img loading=\"lazy\" decoding=\"async\" width=\"1024\" height=\"608\" src=\"https:\/\/domainedelacouvee.com\/wp-content\/uploads\/2021\/09\/273574810.jpg\" alt=\"\" data-id=\"284\" data-full-url=\"https:\/\/domainedelacouvee.com\/wp-content\/uploads\/2021\/09\/273574810.jpg\" data-link=\"https:\/\/domainedelacouvee.com\/index.php\/les-pins\/attachment\/273574810\/\" class=\"wp-image-284\" srcset=\"https:\/\/domainedelacouvee.com\/wp-content\/uploads\/2021\/09\/273574810.jpg 1024w, https:\/\/domainedelacouvee.com\/wp-content\/uploads\/2021\/09\/273574810-300x178.jpg 300w, https:\/\/domainedelacouvee.com\/wp-content\/uploads\/2021\/09\/273574810-768x456.jpg 768w\" sizes=\"(max-width: 1024px) 100vw, 1024px\" \/><figcaption class=\"blocks-gallery-item__caption\">Pool House<\/figcaption><\/figure><\/li><li class=\"blocks-gallery-item\"><figure><img loading=\"lazy\" decoding=\"async\" width=\"1024\" height=\"683\" src=\"https:\/\/domainedelacouvee.com\/wp-content\/uploads\/2021\/09\/273574827-1.jpg\" alt=\"\" data-id=\"287\" data-full-url=\"https:\/\/domainedelacouvee.com\/wp-content\/uploads\/2021\/09\/273574827-1.jpg\" data-link=\"https:\/\/domainedelacouvee.com\/index.php\/les-pins\/273574827-2\/\" class=\"wp-image-287\" srcset=\"https:\/\/domainedelacouvee.com\/wp-content\/uploads\/2021\/09\/273574827-1.jpg 1024w, https:\/\/domainedelacouvee.com\/wp-content\/uploads\/2021\/09\/273574827-1-300x200.jpg 300w, https:\/\/domainedelacouvee.com\/wp-content\/uploads\/2021\/09\/273574827-1-768x512.jpg 768w\" sizes=\"(max-width: 1024px) 100vw, 1024px\" \/><figcaption class=\"blocks-gallery-item__caption\">P\u00e9tanque<\/figcaption><\/figure><\/li><li class=\"blocks-gallery-item\"><figure><img loading=\"lazy\" decoding=\"async\" width=\"1006\" height=\"768\" src=\"https:\/\/domainedelacouvee.com\/wp-content\/uploads\/2021\/09\/273573318.jpg\" alt=\"\" data-id=\"288\" data-full-url=\"https:\/\/domainedelacouvee.com\/wp-content\/uploads\/2021\/09\/273573318.jpg\" data-link=\"https:\/\/domainedelacouvee.com\/index.php\/les-pins\/attachment\/273573318\/\" class=\"wp-image-288\" srcset=\"https:\/\/domainedelacouvee.com\/wp-content\/uploads\/2021\/09\/273573318.jpg 1006w, https:\/\/domainedelacouvee.com\/wp-content\/uploads\/2021\/09\/273573318-300x229.jpg 300w, https:\/\/domainedelacouvee.com\/wp-content\/uploads\/2021\/09\/273573318-768x586.jpg 768w\" sizes=\"(max-width: 1006px) 100vw, 1006px\" \/><figcaption class=\"blocks-gallery-item__caption\">Jacuzzi<\/figcaption><\/figure><\/li><li class=\"blocks-gallery-item\"><figure><img loading=\"lazy\" decoding=\"async\" width=\"1024\" height=\"683\" src=\"https:\/\/domainedelacouvee.com\/wp-content\/uploads\/2021\/09\/273573425.jpg\" alt=\"\" data-id=\"290\" data-full-url=\"https:\/\/domainedelacouvee.com\/wp-content\/uploads\/2021\/09\/273573425.jpg\" data-link=\"https:\/\/domainedelacouvee.com\/index.php\/les-pins\/attachment\/273573425\/\" class=\"wp-image-290\" srcset=\"https:\/\/domainedelacouvee.com\/wp-content\/uploads\/2021\/09\/273573425.jpg 1024w, https:\/\/domainedelacouvee.com\/wp-content\/uploads\/2021\/09\/273573425-300x200.jpg 300w, https:\/\/domainedelacouvee.com\/wp-content\/uploads\/2021\/09\/273573425-768x512.jpg 768w\" sizes=\"(max-width: 1024px) 100vw, 1024px\" \/><figcaption class=\"blocks-gallery-item__caption\">Brasero<\/figcaption><\/figure><\/li><li class=\"blocks-gallery-item\"><figure><img loading=\"lazy\" decoding=\"async\" width=\"1024\" height=\"683\" src=\"https:\/\/domainedelacouvee.com\/wp-content\/uploads\/2021\/09\/273574803.jpg\" alt=\"\" data-id=\"292\" data-full-url=\"https:\/\/domainedelacouvee.com\/wp-content\/uploads\/2021\/09\/273574803.jpg\" data-link=\"https:\/\/domainedelacouvee.com\/index.php\/les-pins\/attachment\/273574803\/\" class=\"wp-image-292\" srcset=\"https:\/\/domainedelacouvee.com\/wp-content\/uploads\/2021\/09\/273574803.jpg 1024w, https:\/\/domainedelacouvee.com\/wp-content\/uploads\/2021\/09\/273574803-300x200.jpg 300w, https:\/\/domainedelacouvee.com\/wp-content\/uploads\/2021\/09\/273574803-768x512.jpg 768w\" sizes=\"(max-width: 1024px) 100vw, 1024px\" \/><figcaption class=\"blocks-gallery-item__caption\">Piscine<\/figcaption><\/figure><\/li><\/ul><\/figure>\n\n\n\n<p><\/p>\n","protected":false},"excerpt":{"rendered":"<p>Bienvenue \u00e0 la maison des Pins, une maison moderne et calme pour passer des vacances en famille, avec vue sur la Dordogne. H\u00e9bergement La Maison des Pins install\u00e9e dans un parc de 5000m2 vous propose un logement comprenant cuisine \u00e9quip\u00e9e, salle \u00e0 manger, salon, 7 chambres \u00e0 lits doubles, une salle de bains avec baignoire&#8230;<\/p>\n","protected":false},"author":1,"featured_media":0,"parent":0,"menu_order":0,"comment_status":"closed","ping_status":"closed","template":"","meta":{"_kadence_starter_templates_imported_post":false,"_kad_post_transparent":"","_kad_post_title":"","_kad_post_layout":"","_kad_post_sidebar_id":"","_kad_post_content_style":"","_kad_post_vertical_padding":"","_kad_post_feature":"","_kad_post_feature_position":"","_kad_post_header":false,"_kad_post_footer":false,"footnotes":""},"class_list":["post-207","page","type-page","status-publish","hentry"],"_links":{"self":[{"href":"https:\/\/domainedelacouvee.com\/index.php\/wp-json\/wp\/v2\/pages\/207","targetHints":{"allow":["GET"]}}],"collection":[{"href":"https:\/\/domainedelacouvee.com\/index.php\/wp-json\/wp\/v2\/pages"}],"about":[{"href":"https:\/\/domainedelacouvee.com\/index.php\/wp-json\/wp\/v2\/types\/page"}],"author":[{"embeddable":true,"href":"https:\/\/domainedelacouvee.com\/index.php\/wp-json\/wp\/v2\/users\/1"}],"replies":[{"embeddable":true,"href":"https:\/\/domainedelacouvee.com\/index.php\/wp-json\/wp\/v2\/comments?post=207"}],"version-history":[{"count":20,"href":"https:\/\/domainedelacouvee.com\/index.php\/wp-json\/wp\/v2\/pages\/207\/revisions"}],"predecessor-version":[{"id":407,"href":"https:\/\/domainedelacouvee.com\/index.php\/wp-json\/wp\/v2\/pages\/207\/revisions\/407"}],"wp:attachment":[{"href":"https:\/\/domainedelacouvee.com\/index.php\/wp-json\/wp\/v2\/media?parent=207"}],"curies":[{"name":"wp","href":"https:\/\/api.w.org\/{rel}","templated":true}]}}