{"id":202,"date":"2021-09-25T16:43:14","date_gmt":"2021-09-25T14:43:14","guid":{"rendered":"http:\/\/domainedelacouvee.com\/?page_id=202"},"modified":"2024-06-20T11:20:50","modified_gmt":"2024-06-20T09:20:50","slug":"accueil","status":"publish","type":"page","link":"https:\/\/domainedelacouvee.com\/","title":{"rendered":"Accueil"},"content":{"rendered":"\n<div class=\"wp-block-cover is-light\"><span aria-hidden=\"true\" class=\"wp-block-cover__background has-background-dim-0 has-background-dim\"><\/span><img fetchpriority=\"high\" decoding=\"async\" width=\"640\" height=\"420\" class=\"wp-block-cover__image-background wp-image-340\" alt=\"\" src=\"https:\/\/domainedelacouvee.com\/wp-content\/uploads\/2021\/09\/cingle_de_tremolat.jpg\" style=\"object-position:52% 100%\" data-object-fit=\"cover\" data-object-position=\"52% 100%\" srcset=\"https:\/\/domainedelacouvee.com\/wp-content\/uploads\/2021\/09\/cingle_de_tremolat.jpg 640w, https:\/\/domainedelacouvee.com\/wp-content\/uploads\/2021\/09\/cingle_de_tremolat-300x197.jpg 300w\" sizes=\"(max-width: 640px) 100vw, 640px\" \/><div class=\"wp-block-cover__inner-container is-layout-flow wp-block-cover-is-layout-flow\">\n<p class=\"has-text-align-center has-large-font-size\">Bienvenue au Domaine de la Couv\u00e9e<\/p>\n<\/div><\/div>\n\n\n\n<div style=\"height:72px\" aria-hidden=\"true\" class=\"wp-block-spacer\"><\/div>\n\n\n\n<p class=\"has-text-color has-large-font-size\" style=\"color:#000000\"><strong>Nos Maisons<\/strong><\/p>\n\n\n\n<p class=\"has-text-color\" style=\"color:#000000\">Nos maisons de famille sont situ\u00e9es \u00e0 Cal\u00e8s dans le P\u00e9rigord Noir, sur les rives de la Dordogne et sont propices pour vivre des moments forts de partage, en famille et entre amis.<\/p>\n\n\n\n<p class=\"has-text-color\" style=\"color:#000000\">La Maison des Pins baigne dans une atmosph\u00e8re contemporaine alors que les Maisons de la Plaine ont un caract\u00e8re plus traditionnel.<\/p>\n\n\n\n<p class=\"has-text-color\" style=\"color:#000000\">La Couv\u00e9e a \u00e9t\u00e9 cr\u00e9\u00e9e en avril 2019 sur l\u2019impulsion d\u2019une famille qui voulait faire connaitre et partager les moments heureux qu\u2019ils connaissent depuis 20 ans dans ce magnifique village au milieu du Cingle de Tr\u00e9molat.<\/p>\n\n\n\n<div style=\"height:38px\" aria-hidden=\"true\" class=\"wp-block-spacer\"><\/div>\n\n\n\n<figure class=\"wp-block-gallery has-nested-images columns-default is-cropped wp-block-gallery-1 is-layout-flex wp-block-gallery-is-layout-flex\">\n<figure class=\"wp-block-image size-large\"><img decoding=\"async\" width=\"1024\" height=\"683\" data-id=\"337\" src=\"https:\/\/domainedelacouvee.com\/wp-content\/uploads\/2021\/09\/273574803-2.jpg\" alt=\"\" class=\"wp-image-337\" srcset=\"https:\/\/domainedelacouvee.com\/wp-content\/uploads\/2021\/09\/273574803-2.jpg 1024w, https:\/\/domainedelacouvee.com\/wp-content\/uploads\/2021\/09\/273574803-2-300x200.jpg 300w, https:\/\/domainedelacouvee.com\/wp-content\/uploads\/2021\/09\/273574803-2-768x512.jpg 768w\" sizes=\"(max-width: 1024px) 100vw, 1024px\" \/><figcaption class=\"wp-element-caption\">Les Pins<\/figcaption><\/figure>\n\n\n\n<figure class=\"wp-block-image size-large\"><img decoding=\"async\" width=\"768\" height=\"1024\" data-id=\"336\" src=\"https:\/\/domainedelacouvee.com\/wp-content\/uploads\/2021\/09\/IMG_3336-1-768x1024.jpg\" alt=\"\" class=\"wp-image-336\" srcset=\"https:\/\/domainedelacouvee.com\/wp-content\/uploads\/2021\/09\/IMG_3336-1-768x1024.jpg 768w, https:\/\/domainedelacouvee.com\/wp-content\/uploads\/2021\/09\/IMG_3336-1-225x300.jpg 225w, https:\/\/domainedelacouvee.com\/wp-content\/uploads\/2021\/09\/IMG_3336-1-1152x1536.jpg 1152w, https:\/\/domainedelacouvee.com\/wp-content\/uploads\/2021\/09\/IMG_3336-1-1536x2048.jpg 1536w, https:\/\/domainedelacouvee.com\/wp-content\/uploads\/2021\/09\/IMG_3336-1-scaled.jpg 1920w\" sizes=\"(max-width: 768px) 100vw, 768px\" \/><figcaption class=\"wp-element-caption\">La Plaine<\/figcaption><\/figure>\n<\/figure>\n","protected":false},"excerpt":{"rendered":"<p>Nos Maisons Nos maisons de famille sont situ\u00e9es \u00e0 Cal\u00e8s dans le P\u00e9rigord Noir, sur les rives de la Dordogne et sont propices pour vivre des moments forts de partage, en famille et entre amis. La Maison des Pins baigne dans une atmosph\u00e8re contemporaine alors que les Maisons de la Plaine ont un caract\u00e8re plus&#8230;<\/p>\n","protected":false},"author":1,"featured_media":0,"parent":0,"menu_order":0,"comment_status":"closed","ping_status":"closed","template":"elementor_header_footer","meta":{"_kadence_starter_templates_imported_post":false,"_kad_post_transparent":"","_kad_post_title":"","_kad_post_layout":"","_kad_post_sidebar_id":"","_kad_post_content_style":"","_kad_post_vertical_padding":"","_kad_post_feature":"","_kad_post_feature_position":"","_kad_post_header":false,"_kad_post_footer":false,"footnotes":""},"class_list":["post-202","page","type-page","status-publish","hentry"],"_links":{"self":[{"href":"https:\/\/domainedelacouvee.com\/index.php\/wp-json\/wp\/v2\/pages\/202","targetHints":{"allow":["GET"]}}],"collection":[{"href":"https:\/\/domainedelacouvee.com\/index.php\/wp-json\/wp\/v2\/pages"}],"about":[{"href":"https:\/\/domainedelacouvee.com\/index.php\/wp-json\/wp\/v2\/types\/page"}],"author":[{"embeddable":true,"href":"https:\/\/domainedelacouvee.com\/index.php\/wp-json\/wp\/v2\/users\/1"}],"replies":[{"embeddable":true,"href":"https:\/\/domainedelacouvee.com\/index.php\/wp-json\/wp\/v2\/comments?post=202"}],"version-history":[{"count":15,"href":"https:\/\/domainedelacouvee.com\/index.php\/wp-json\/wp\/v2\/pages\/202\/revisions"}],"predecessor-version":[{"id":488,"href":"https:\/\/domainedelacouvee.com\/index.php\/wp-json\/wp\/v2\/pages\/202\/revisions\/488"}],"wp:attachment":[{"href":"https:\/\/domainedelacouvee.com\/index.php\/wp-json\/wp\/v2\/media?parent=202"}],"curies":[{"name":"wp","href":"https:\/\/api.w.org\/{rel}","templated":true}]}}